{"id":49320,"date":"2025-11-27T11:43:38","date_gmt":"2025-11-27T11:43:38","guid":{"rendered":"https:\/\/andana.uv.es\/?page_id=49320"},"modified":"2026-03-10T10:02:16","modified_gmt":"2026-03-10T10:02:16","slug":"articulos-de-prensa","status":"publish","type":"page","link":"https:\/\/andana.uv.es\/val\/resultados-transferencia\/articulos-de-prensa\/","title":{"rendered":"Articles de Premsa"},"content":{"rendered":"<div data-elementor-type=\"wp-page\" data-elementor-id=\"49320\" class=\"elementor elementor-49320\">\n\t\t\t\t<div class=\"elementor-element elementor-element-93263f3 e-flex e-con-boxed e-con e-parent\" data-id=\"93263f3\" data-element_type=\"container\" data-e-type=\"container\" data-settings=\"{&quot;background_background&quot;:&quot;classic&quot;}\">\n\t\t\t\t\t<div class=\"e-con-inner\">\n\t\t<div class=\"elementor-element elementor-element-6c32ff7 e-flex e-con-boxed e-con e-child\" data-id=\"6c32ff7\" data-element_type=\"container\" data-e-type=\"container\">\n\t\t\t\t\t<div class=\"e-con-inner\">\n\t\t\t\t<div class=\"elementor-element elementor-element-888fcee elementor-widget elementor-widget-heading\" data-id=\"888fcee\" data-element_type=\"widget\" data-e-type=\"widget\" data-widget_type=\"heading.default\">\n\t\t\t\t<div class=\"elementor-widget-container\">\n\t\t\t\t\t<h1 class=\"elementor-heading-title elementor-size-default\">Articles de Premsa<\/h1>\t\t\t\t<\/div>\n\t\t\t\t<\/div>\n\t\t\t\t\t<\/div>\n\t\t\t\t<\/div>\n\t\t\t\t\t<\/div>\n\t\t\t\t<\/div>\n\t\t\t\t<section class=\"elementor-section elementor-top-section elementor-element elementor-element-b4de770 elementor-section-content-top elementor-section-boxed elementor-section-height-default elementor-section-height-default\" data-id=\"b4de770\" data-element_type=\"section\" data-e-type=\"section\" data-settings=\"{&quot;background_background&quot;:&quot;classic&quot;}\">\n\t\t\t\t\t\t\t<div class=\"elementor-background-overlay\"><\/div>\n\t\t\t\t\t\t\t<div class=\"elementor-container elementor-column-gap-no\">\n\t\t\t\t\t<div class=\"elementor-column elementor-col-100 elementor-top-column elementor-element elementor-element-f1eb9be\" data-id=\"f1eb9be\" data-element_type=\"column\" data-e-type=\"column\">\n\t\t\t<div class=\"elementor-widget-wrap elementor-element-populated\">\n\t\t\t\t\t\t<div class=\"elementor-element elementor-element-420dfaa elementor-widget elementor-widget-heading\" data-id=\"420dfaa\" data-element_type=\"widget\" data-e-type=\"widget\" id=\"prensa\" data-widget_type=\"heading.default\">\n\t\t\t\t<div class=\"elementor-widget-container\">\n\t\t\t\t\t<h2 class=\"elementor-heading-title elementor-size-default\">Articles de Premsa<\/h2>\t\t\t\t<\/div>\n\t\t\t\t<\/div>\n\t\t\t\t\t<\/div>\n\t\t<\/div>\n\t\t\t\t\t<\/div>\n\t\t<\/section>\n\t\t<div class=\"elementor-element elementor-element-fa1e97b e-flex e-con-boxed e-con e-parent\" data-id=\"fa1e97b\" data-element_type=\"container\" data-e-type=\"container\">\n\t\t\t\t\t<div class=\"e-con-inner\">\n\t\t<div class=\"elementor-element elementor-element-ce7eb73 e-con-full e-flex e-con e-child\" data-id=\"ce7eb73\" data-element_type=\"container\" data-e-type=\"container\">\n\t\t\t\t<div class=\"elementor-element elementor-element-3ac71db elementor-position-top elementor-widget elementor-widget-image-box\" data-id=\"3ac71db\" data-element_type=\"widget\" data-e-type=\"widget\" data-widget_type=\"image-box.default\">\n\t\t\t\t<div class=\"elementor-widget-container\">\n\t\t\t\t\t<div class=\"elementor-image-box-wrapper\"><figure class=\"elementor-image-box-img\"><a href=\"https:\/\/www.levante-emv.com\/opinion\/2025\/10\/29\/politizacion-catastrofes-giro-historico-123097522.html\" target=\"_blank\" tabindex=\"-1\"><img fetchpriority=\"high\" decoding=\"async\" width=\"2560\" height=\"2560\" src=\"https:\/\/andana.uv.es\/wp-content\/uploads\/2025\/11\/Equipo-Arino-1-scaled.jpg\" class=\"attachment-full size-full wp-image-49094\" alt=\"\" srcset=\"https:\/\/andana.uv.es\/wp-content\/uploads\/2025\/11\/Equipo-Arino-1-scaled.jpg 2560w, https:\/\/andana.uv.es\/wp-content\/uploads\/2025\/11\/Equipo-Arino-1-300x300.jpg 300w, https:\/\/andana.uv.es\/wp-content\/uploads\/2025\/11\/Equipo-Arino-1-1024x1024.jpg 1024w, https:\/\/andana.uv.es\/wp-content\/uploads\/2025\/11\/Equipo-Arino-1-150x150.jpg 150w, https:\/\/andana.uv.es\/wp-content\/uploads\/2025\/11\/Equipo-Arino-1-768x768.jpg 768w, https:\/\/andana.uv.es\/wp-content\/uploads\/2025\/11\/Equipo-Arino-1-1536x1536.jpg 1536w, https:\/\/andana.uv.es\/wp-content\/uploads\/2025\/11\/Equipo-Arino-1-2048x2048.jpg 2048w\" sizes=\"(max-width: 2560px) 100vw, 2560px\" \/><\/a><\/figure><div class=\"elementor-image-box-content\"><h3 class=\"elementor-image-box-title\"><a href=\"https:\/\/www.levante-emv.com\/opinion\/2025\/10\/29\/politizacion-catastrofes-giro-historico-123097522.html\" target=\"_blank\">La polititzaci\u00f3 de les cat\u00e0strofes, un gir hist\u00f2ric<\/a><\/h3><p class=\"elementor-image-box-description\">Ari\u00f1o Villaroya, Antonio, \u00abLa polititzaci\u00f3 de les cat\u00e0strofes, un gir hist\u00f2ric\u00bb, article period\u00edstic al diari Levante-EMV, 29\/10\/25.<\/p><\/div><\/div>\t\t\t\t<\/div>\n\t\t\t\t<\/div>\n\t\t\t\t<\/div>\n\t\t<div class=\"elementor-element elementor-element-ed95821 e-con-full e-flex e-con e-child\" data-id=\"ed95821\" data-element_type=\"container\" data-e-type=\"container\">\n\t\t\t\t<div class=\"elementor-element elementor-element-cfaa6ab elementor-position-top elementor-widget elementor-widget-image-box\" data-id=\"cfaa6ab\" data-element_type=\"widget\" data-e-type=\"widget\" data-widget_type=\"image-box.default\">\n\t\t\t\t<div class=\"elementor-widget-container\">\n\t\t\t\t\t<div class=\"elementor-image-box-wrapper\"><figure class=\"elementor-image-box-img\"><a href=\"https:\/\/www.levante-emv.com\/opinion\/2025\/10\/03\/reconstruir-mejor-vida-digna-122185788.html\" target=\"_blank\" tabindex=\"-1\"><img fetchpriority=\"high\" decoding=\"async\" width=\"2560\" height=\"2560\" src=\"https:\/\/andana.uv.es\/wp-content\/uploads\/2025\/11\/Equipo-Arino-1-scaled.jpg\" class=\"attachment-full size-full wp-image-49094\" alt=\"\" srcset=\"https:\/\/andana.uv.es\/wp-content\/uploads\/2025\/11\/Equipo-Arino-1-scaled.jpg 2560w, https:\/\/andana.uv.es\/wp-content\/uploads\/2025\/11\/Equipo-Arino-1-300x300.jpg 300w, https:\/\/andana.uv.es\/wp-content\/uploads\/2025\/11\/Equipo-Arino-1-1024x1024.jpg 1024w, https:\/\/andana.uv.es\/wp-content\/uploads\/2025\/11\/Equipo-Arino-1-150x150.jpg 150w, https:\/\/andana.uv.es\/wp-content\/uploads\/2025\/11\/Equipo-Arino-1-768x768.jpg 768w, https:\/\/andana.uv.es\/wp-content\/uploads\/2025\/11\/Equipo-Arino-1-1536x1536.jpg 1536w, https:\/\/andana.uv.es\/wp-content\/uploads\/2025\/11\/Equipo-Arino-1-2048x2048.jpg 2048w\" sizes=\"(max-width: 2560px) 100vw, 2560px\" \/><\/a><\/figure><div class=\"elementor-image-box-content\"><h3 class=\"elementor-image-box-title\"><a href=\"https:\/\/www.levante-emv.com\/opinion\/2025\/10\/03\/reconstruir-mejor-vida-digna-122185788.html\" target=\"_blank\">Reconstruir millor, per a una vida digna <\/a><\/h3><p class=\"elementor-image-box-description\">Ari\u00f1o Villaroya, Antonio, \u00abReconstruir millor, per a una vida digna\u00bb, article period\u00edstic al diari Levante-EMV, 3\/10\/25.<\/p><\/div><\/div>\t\t\t\t<\/div>\n\t\t\t\t<\/div>\n\t\t\t\t<\/div>\n\t\t<div class=\"elementor-element elementor-element-6b09bb2 e-con-full e-flex e-con e-child\" data-id=\"6b09bb2\" data-element_type=\"container\" data-e-type=\"container\">\n\t\t\t\t<div class=\"elementor-element elementor-element-ac03ae0 elementor-position-top elementor-widget elementor-widget-image-box\" data-id=\"ac03ae0\" data-element_type=\"widget\" data-e-type=\"widget\" data-widget_type=\"image-box.default\">\n\t\t\t\t<div class=\"elementor-widget-container\">\n\t\t\t\t\t<div class=\"elementor-image-box-wrapper\"><figure class=\"elementor-image-box-img\"><a href=\"https:\/\/www.levante-emv.com\/opinion\/2025\/01\/08\/auditoria-civica-dana-113193635.html\" target=\"_blank\" tabindex=\"-1\"><img fetchpriority=\"high\" decoding=\"async\" width=\"2560\" height=\"2560\" src=\"https:\/\/andana.uv.es\/wp-content\/uploads\/2025\/11\/Equipo-Arino-1-scaled.jpg\" class=\"attachment-full size-full wp-image-49094\" alt=\"\" srcset=\"https:\/\/andana.uv.es\/wp-content\/uploads\/2025\/11\/Equipo-Arino-1-scaled.jpg 2560w, https:\/\/andana.uv.es\/wp-content\/uploads\/2025\/11\/Equipo-Arino-1-300x300.jpg 300w, https:\/\/andana.uv.es\/wp-content\/uploads\/2025\/11\/Equipo-Arino-1-1024x1024.jpg 1024w, https:\/\/andana.uv.es\/wp-content\/uploads\/2025\/11\/Equipo-Arino-1-150x150.jpg 150w, https:\/\/andana.uv.es\/wp-content\/uploads\/2025\/11\/Equipo-Arino-1-768x768.jpg 768w, https:\/\/andana.uv.es\/wp-content\/uploads\/2025\/11\/Equipo-Arino-1-1536x1536.jpg 1536w, https:\/\/andana.uv.es\/wp-content\/uploads\/2025\/11\/Equipo-Arino-1-2048x2048.jpg 2048w\" sizes=\"(max-width: 2560px) 100vw, 2560px\" \/><\/a><\/figure><div class=\"elementor-image-box-content\"><h3 class=\"elementor-image-box-title\"><a href=\"https:\/\/www.levante-emv.com\/opinion\/2025\/01\/08\/auditoria-civica-dana-113193635.html\" target=\"_blank\">Una auditoria c\u00edvica sobre la dana<\/a><\/h3><p class=\"elementor-image-box-description\">Ari\u00f1o Villaroya, Antonio, \u00abUna auditoria c\u00edvica sobre la dana\u00bb, article period\u00edstic al diari Levante-EMV, 8\/1\/25.<\/p><\/div><\/div>\t\t\t\t<\/div>\n\t\t\t\t<\/div>\n\t\t\t\t<\/div>\n\t\t<div class=\"elementor-element elementor-element-8295eba e-con-full e-flex e-con e-child\" data-id=\"8295eba\" data-element_type=\"container\" data-e-type=\"container\">\n\t\t\t\t<div class=\"elementor-element elementor-element-f30b724 elementor-position-top elementor-widget elementor-widget-image-box\" data-id=\"f30b724\" data-element_type=\"widget\" data-e-type=\"widget\" data-widget_type=\"image-box.default\">\n\t\t\t\t<div class=\"elementor-widget-container\">\n\t\t\t\t\t<div class=\"elementor-image-box-wrapper\"><figure class=\"elementor-image-box-img\"><a href=\"https:\/\/www.levante-emv.com\/opinion\/2024\/11\/22\/notas-diario-3-111920219.html\" target=\"_blank\" tabindex=\"-1\"><img fetchpriority=\"high\" decoding=\"async\" width=\"2560\" height=\"2560\" src=\"https:\/\/andana.uv.es\/wp-content\/uploads\/2025\/11\/Equipo-Arino-1-scaled.jpg\" class=\"attachment-full size-full wp-image-49094\" alt=\"\" srcset=\"https:\/\/andana.uv.es\/wp-content\/uploads\/2025\/11\/Equipo-Arino-1-scaled.jpg 2560w, https:\/\/andana.uv.es\/wp-content\/uploads\/2025\/11\/Equipo-Arino-1-300x300.jpg 300w, https:\/\/andana.uv.es\/wp-content\/uploads\/2025\/11\/Equipo-Arino-1-1024x1024.jpg 1024w, https:\/\/andana.uv.es\/wp-content\/uploads\/2025\/11\/Equipo-Arino-1-150x150.jpg 150w, https:\/\/andana.uv.es\/wp-content\/uploads\/2025\/11\/Equipo-Arino-1-768x768.jpg 768w, https:\/\/andana.uv.es\/wp-content\/uploads\/2025\/11\/Equipo-Arino-1-1536x1536.jpg 1536w, https:\/\/andana.uv.es\/wp-content\/uploads\/2025\/11\/Equipo-Arino-1-2048x2048.jpg 2048w\" sizes=\"(max-width: 2560px) 100vw, 2560px\" \/><\/a><\/figure><div class=\"elementor-image-box-content\"><h3 class=\"elementor-image-box-title\"><a href=\"https:\/\/www.levante-emv.com\/opinion\/2024\/11\/22\/notas-diario-3-111920219.html\" target=\"_blank\">Notes del meu diari (3)<\/a><\/h3><p class=\"elementor-image-box-description\">Ari\u00f1o Villaroya, Antonio, \u00abNotes del meu diari (3)\u00bb, article period\u00edstic al diari Levante-EMV, 22\/11\/24.<\/p><\/div><\/div>\t\t\t\t<\/div>\n\t\t\t\t<\/div>\n\t\t\t\t<\/div>\n\t\t<div class=\"elementor-element elementor-element-9c29a50 e-con-full e-flex e-con e-child\" data-id=\"9c29a50\" data-element_type=\"container\" data-e-type=\"container\">\n\t\t\t\t<div class=\"elementor-element elementor-element-f508a4d elementor-position-top elementor-widget elementor-widget-image-box\" data-id=\"f508a4d\" data-element_type=\"widget\" data-e-type=\"widget\" data-widget_type=\"image-box.default\">\n\t\t\t\t<div class=\"elementor-widget-container\">\n\t\t\t\t\t<div class=\"elementor-image-box-wrapper\"><figure class=\"elementor-image-box-img\"><a href=\"https:\/\/www.levante-emv.com\/opinion\/2024\/11\/21\/notas-diario-2-111881387.html\" target=\"_blank\" tabindex=\"-1\"><img fetchpriority=\"high\" decoding=\"async\" width=\"2560\" height=\"2560\" src=\"https:\/\/andana.uv.es\/wp-content\/uploads\/2025\/11\/Equipo-Arino-1-scaled.jpg\" class=\"attachment-full size-full wp-image-49094\" alt=\"\" srcset=\"https:\/\/andana.uv.es\/wp-content\/uploads\/2025\/11\/Equipo-Arino-1-scaled.jpg 2560w, https:\/\/andana.uv.es\/wp-content\/uploads\/2025\/11\/Equipo-Arino-1-300x300.jpg 300w, https:\/\/andana.uv.es\/wp-content\/uploads\/2025\/11\/Equipo-Arino-1-1024x1024.jpg 1024w, https:\/\/andana.uv.es\/wp-content\/uploads\/2025\/11\/Equipo-Arino-1-150x150.jpg 150w, https:\/\/andana.uv.es\/wp-content\/uploads\/2025\/11\/Equipo-Arino-1-768x768.jpg 768w, https:\/\/andana.uv.es\/wp-content\/uploads\/2025\/11\/Equipo-Arino-1-1536x1536.jpg 1536w, https:\/\/andana.uv.es\/wp-content\/uploads\/2025\/11\/Equipo-Arino-1-2048x2048.jpg 2048w\" sizes=\"(max-width: 2560px) 100vw, 2560px\" \/><\/a><\/figure><div class=\"elementor-image-box-content\"><h3 class=\"elementor-image-box-title\"><a href=\"https:\/\/www.levante-emv.com\/opinion\/2024\/11\/21\/notas-diario-2-111881387.html\" target=\"_blank\">Notes del meu diari (2)<\/a><\/h3><p class=\"elementor-image-box-description\">Ari\u00f1o Villaroya, Antonio, \u00abNotes del meu diari (2)\u00bb, article period\u00edstic al diari Levante-EMV, 21\/11\/24.<\/p><\/div><\/div>\t\t\t\t<\/div>\n\t\t\t\t<\/div>\n\t\t\t\t<\/div>\n\t\t<div class=\"elementor-element elementor-element-29b7466 e-con-full e-flex e-con e-child\" data-id=\"29b7466\" data-element_type=\"container\" data-e-type=\"container\">\n\t\t\t\t<div class=\"elementor-element elementor-element-ea4c5f2 elementor-position-top elementor-widget elementor-widget-image-box\" data-id=\"ea4c5f2\" data-element_type=\"widget\" data-e-type=\"widget\" data-widget_type=\"image-box.default\">\n\t\t\t\t<div class=\"elementor-widget-container\">\n\t\t\t\t\t<div class=\"elementor-image-box-wrapper\"><figure class=\"elementor-image-box-img\"><a href=\"https:\/\/www.levante-emv.com\/opinion\/2024\/11\/12\/dana-24-notas-diario-111604242.html\" target=\"_blank\" tabindex=\"-1\"><img fetchpriority=\"high\" decoding=\"async\" width=\"2560\" height=\"2560\" src=\"https:\/\/andana.uv.es\/wp-content\/uploads\/2025\/11\/Equipo-Arino-1-scaled.jpg\" class=\"attachment-full size-full wp-image-49094\" alt=\"\" srcset=\"https:\/\/andana.uv.es\/wp-content\/uploads\/2025\/11\/Equipo-Arino-1-scaled.jpg 2560w, https:\/\/andana.uv.es\/wp-content\/uploads\/2025\/11\/Equipo-Arino-1-300x300.jpg 300w, https:\/\/andana.uv.es\/wp-content\/uploads\/2025\/11\/Equipo-Arino-1-1024x1024.jpg 1024w, https:\/\/andana.uv.es\/wp-content\/uploads\/2025\/11\/Equipo-Arino-1-150x150.jpg 150w, https:\/\/andana.uv.es\/wp-content\/uploads\/2025\/11\/Equipo-Arino-1-768x768.jpg 768w, https:\/\/andana.uv.es\/wp-content\/uploads\/2025\/11\/Equipo-Arino-1-1536x1536.jpg 1536w, https:\/\/andana.uv.es\/wp-content\/uploads\/2025\/11\/Equipo-Arino-1-2048x2048.jpg 2048w\" sizes=\"(max-width: 2560px) 100vw, 2560px\" \/><\/a><\/figure><div class=\"elementor-image-box-content\"><h3 class=\"elementor-image-box-title\"><a href=\"https:\/\/www.levante-emv.com\/opinion\/2024\/11\/12\/dana-24-notas-diario-111604242.html\" target=\"_blank\">Dana-24. Notes del meu diari<\/a><\/h3><p class=\"elementor-image-box-description\">Ari\u00f1o Villaroya, Antonio, \u00abDana 24. Notes del meu diari\u00bb, article period\u00edstic al diari Levante-EMV, 12\/11\/24.<\/p><\/div><\/div>\t\t\t\t<\/div>\n\t\t\t\t<\/div>\n\t\t\t\t<\/div>\n\t\t\t\t\t<\/div>\n\t\t\t\t<\/div>\n\t\t\t\t<\/div>","protected":false},"excerpt":{"rendered":"<p>Art\u00edculos de Prensa Art\u00edculos de Prensa La politizaci\u00f3n de las cat\u00e1strofes, un giro hist\u00f3rico Ari\u00f1o Villaroya, Antonio, \u00abLa politizaci\u00f3n de las cat\u00e1strofes, un giro hist\u00f3rico\u00bb, Articulo periodistico en el diario Levante-EMV, 29\/10\/25. Reconstruir mejor, para una vida digna Ari\u00f1o Villaroya, Antonio, \u00abReconstruir mejor, para una vida digna\u00bb, Articulo periodistico en el diario Levante-EMV, 3\/10\/25. Una [&hellip;]<\/p>\n","protected":false},"author":1,"featured_media":0,"parent":48885,"menu_order":0,"comment_status":"closed","ping_status":"closed","template":"","meta":{"site-sidebar-layout":"no-sidebar","site-content-layout":"page-builder","ast-site-content-layout":"default","site-content-style":"default","site-sidebar-style":"default","ast-global-header-display":"","ast-banner-title-visibility":"","ast-main-header-display":"","ast-hfb-above-header-display":"","ast-hfb-below-header-display":"","ast-hfb-mobile-header-display":"","site-post-title":"disabled","ast-breadcrumbs-content":"","ast-featured-img":"disabled","footer-sml-layout":"","ast-disable-related-posts":"","theme-transparent-header-meta":"enabled","adv-header-id-meta":"","stick-header-meta":"","header-above-stick-meta":"","header-main-stick-meta":"","header-below-stick-meta":"","astra-migrate-meta-layouts":"default","ast-page-background-enabled":"default","ast-page-background-meta":{"desktop":{"background-color":"var(--ast-global-color-4)","background-image":"","background-repeat":"repeat","background-position":"center center","background-size":"auto","background-attachment":"scroll","background-type":"","background-media":"","overlay-type":"","overlay-color":"","overlay-opacity":"","overlay-gradient":""},"tablet":{"background-color":"","background-image":"","background-repeat":"repeat","background-position":"center center","background-size":"auto","background-attachment":"scroll","background-type":"","background-media":"","overlay-type":"","overlay-color":"","overlay-opacity":"","overlay-gradient":""},"mobile":{"background-color":"","background-image":"","background-repeat":"repeat","background-position":"center center","background-size":"auto","background-attachment":"scroll","background-type":"","background-media":"","overlay-type":"","overlay-color":"","overlay-opacity":"","overlay-gradient":""}},"ast-content-background-meta":{"desktop":{"background-color":"var(--ast-global-color-5)","background-image":"","background-repeat":"repeat","background-position":"center center","background-size":"auto","background-attachment":"scroll","background-type":"","background-media":"","overlay-type":"","overlay-color":"","overlay-opacity":"","overlay-gradient":""},"tablet":{"background-color":"var(--ast-global-color-5)","background-image":"","background-repeat":"repeat","background-position":"center center","background-size":"auto","background-attachment":"scroll","background-type":"","background-media":"","overlay-type":"","overlay-color":"","overlay-opacity":"","overlay-gradient":""},"mobile":{"background-color":"var(--ast-global-color-5)","background-image":"","background-repeat":"repeat","background-position":"center center","background-size":"auto","background-attachment":"scroll","background-type":"","background-media":"","overlay-type":"","overlay-color":"","overlay-opacity":"","overlay-gradient":""}},"footnotes":""},"class_list":["post-49320","page","type-page","status-publish","hentry"],"_links":{"self":[{"href":"https:\/\/andana.uv.es\/val\/wp-json\/wp\/v2\/pages\/49320","targetHints":{"allow":["GET"]}}],"collection":[{"href":"https:\/\/andana.uv.es\/val\/wp-json\/wp\/v2\/pages"}],"about":[{"href":"https:\/\/andana.uv.es\/val\/wp-json\/wp\/v2\/types\/page"}],"author":[{"embeddable":true,"href":"https:\/\/andana.uv.es\/val\/wp-json\/wp\/v2\/users\/1"}],"replies":[{"embeddable":true,"href":"https:\/\/andana.uv.es\/val\/wp-json\/wp\/v2\/comments?post=49320"}],"version-history":[{"count":10,"href":"https:\/\/andana.uv.es\/val\/wp-json\/wp\/v2\/pages\/49320\/revisions"}],"predecessor-version":[{"id":49436,"href":"https:\/\/andana.uv.es\/val\/wp-json\/wp\/v2\/pages\/49320\/revisions\/49436"}],"up":[{"embeddable":true,"href":"https:\/\/andana.uv.es\/val\/wp-json\/wp\/v2\/pages\/48885"}],"wp:attachment":[{"href":"https:\/\/andana.uv.es\/val\/wp-json\/wp\/v2\/media?parent=49320"}],"curies":[{"name":"wp","href":"https:\/\/api.w.org\/{rel}","templated":true}]}}