{"id":49319,"date":"2025-11-27T11:43:24","date_gmt":"2025-11-27T11:43:24","guid":{"rendered":"https:\/\/andana.uv.es\/?page_id=49319"},"modified":"2025-11-27T11:51:54","modified_gmt":"2025-11-27T11:51:54","slug":"exposiciones","status":"publish","type":"page","link":"https:\/\/andana.uv.es\/val\/resultados-transferencia\/exposiciones\/","title":{"rendered":"Exposicions"},"content":{"rendered":"<div data-elementor-type=\"wp-page\" data-elementor-id=\"49319\" class=\"elementor elementor-49319\">\n\t\t\t\t<div class=\"elementor-element elementor-element-93263f3 e-flex e-con-boxed e-con e-parent\" data-id=\"93263f3\" data-element_type=\"container\" data-e-type=\"container\" data-settings=\"{&quot;background_background&quot;:&quot;classic&quot;}\">\n\t\t\t\t\t<div class=\"e-con-inner\">\n\t\t<div class=\"elementor-element elementor-element-6c32ff7 e-flex e-con-boxed e-con e-child\" data-id=\"6c32ff7\" data-element_type=\"container\" data-e-type=\"container\">\n\t\t\t\t\t<div class=\"e-con-inner\">\n\t\t\t\t<div class=\"elementor-element elementor-element-888fcee elementor-widget elementor-widget-heading\" data-id=\"888fcee\" data-element_type=\"widget\" data-e-type=\"widget\" data-widget_type=\"heading.default\">\n\t\t\t\t<div class=\"elementor-widget-container\">\n\t\t\t\t\t<h1 class=\"elementor-heading-title elementor-size-default\">Exposicions<\/h1>\t\t\t\t<\/div>\n\t\t\t\t<\/div>\n\t\t\t\t\t<\/div>\n\t\t\t\t<\/div>\n\t\t\t\t\t<\/div>\n\t\t\t\t<\/div>\n\t\t\t\t<section class=\"elementor-section elementor-top-section elementor-element elementor-element-f8da1d4 elementor-section-content-top elementor-section-boxed elementor-section-height-default elementor-section-height-default\" data-id=\"f8da1d4\" data-element_type=\"section\" data-e-type=\"section\" data-settings=\"{&quot;background_background&quot;:&quot;classic&quot;}\">\n\t\t\t\t\t\t\t<div class=\"elementor-background-overlay\"><\/div>\n\t\t\t\t\t\t\t<div class=\"elementor-container elementor-column-gap-no\">\n\t\t\t\t\t<div class=\"elementor-column elementor-col-100 elementor-top-column elementor-element elementor-element-28a1fd9\" data-id=\"28a1fd9\" data-element_type=\"column\" data-e-type=\"column\">\n\t\t\t<div class=\"elementor-widget-wrap elementor-element-populated\">\n\t\t\t\t\t\t<div class=\"elementor-element elementor-element-beeb1cd elementor-widget elementor-widget-heading\" data-id=\"beeb1cd\" data-element_type=\"widget\" data-e-type=\"widget\" id=\"exposiciones\" data-widget_type=\"heading.default\">\n\t\t\t\t<div class=\"elementor-widget-container\">\n\t\t\t\t\t<h2 class=\"elementor-heading-title elementor-size-default\">Exposicions<\/h2>\t\t\t\t<\/div>\n\t\t\t\t<\/div>\n\t\t\t\t\t<\/div>\n\t\t<\/div>\n\t\t\t\t\t<\/div>\n\t\t<\/section>\n\t\t\t\t<section class=\"elementor-section elementor-top-section elementor-element elementor-element-8d72819 elementor-section-content-top elementor-section-boxed elementor-section-height-default elementor-section-height-default\" data-id=\"8d72819\" data-element_type=\"section\" data-e-type=\"section\" data-settings=\"{&quot;background_background&quot;:&quot;classic&quot;}\">\n\t\t\t\t\t\t\t<div class=\"elementor-background-overlay\"><\/div>\n\t\t\t\t\t\t\t<div class=\"elementor-container elementor-column-gap-no\">\n\t\t\t\t\t<div class=\"elementor-column elementor-col-100 elementor-top-column elementor-element elementor-element-4e96ecc\" data-id=\"4e96ecc\" data-element_type=\"column\" data-e-type=\"column\">\n\t\t\t<div class=\"elementor-widget-wrap elementor-element-populated\">\n\t\t\t\t\t\t<div class=\"elementor-element elementor-element-32ca6d2 elementor-widget elementor-widget-text-editor\" data-id=\"32ca6d2\" data-element_type=\"widget\" data-e-type=\"widget\" data-widget_type=\"text-editor.default\">\n\t\t\t\t<div class=\"elementor-widget-container\">\n\t\t\t\t\t\t\t\t\t<ul><li>01\/09\/2025-15\/09\/2025, \u00abPassarel\u00b7la del\u2019esperan\u00e7a\u00bb, Biblioteca General y de Humanidades. Universidad Laguna (Canarias), 01\/09\/2025-15\/09\/2025, Comisariado : Santamarina Campos, Pablo y Santamarina Campos, Beatriz, Fotograf\u00eda: Santamarina Campos, Pablo<\/li><li>19\/09\/2025-29\/10\/2025, \u00abMemorias desde la andana: mujeres, \u00e1lbumes y patrimonios olvidados\u00bb, Sala Manuela Ballester. Facultat Ci\u00e8ncies Socials. Universitat de Val\u00e8ncia, Comisariado: Vicente, Teresa; Nieto, Alejandra; Calero, \u00c1ngela; Ruiz, Miquel A.; Aroca, \u00c1ngela; Santamarina, Beatriz; Fotograf\u00eda: Santamarina Campos, Pablo.<\/li><li>24\/10\/2025 31\/01\/2025, \u00abAndana: Lugares de Memoria\u00bb, Museu de la Festa. Algemes\u00ed, Comisariado: Vicente, Teresa; Nieto, Alejandra, Santamarina Campos, Beatriz; Fotograf\u00eda: Santamarina Campos, Pablo.<\/li><\/ul>\t\t\t\t\t\t\t\t<\/div>\n\t\t\t\t<\/div>\n\t\t\t\t\t<\/div>\n\t\t<\/div>\n\t\t\t\t\t<\/div>\n\t\t<\/section>\n\t\t\t\t<\/div>","protected":false},"excerpt":{"rendered":"<p>Exposiciones Exposiciones 01\/09\/2025-15\/09\/2025, \u00abPassarel\u00b7la del\u2019esperan\u00e7a\u00bb, Biblioteca General y de Humanidades. Universidad Laguna (Canarias), 01\/09\/2025-15\/09\/2025, Comisariado : Santamarina Campos, Pablo y Santamarina Campos, Beatriz, Fotograf\u00eda: Santamarina Campos, Pablo 19\/09\/2025-29\/10\/2025, \u00abMemorias desde la andana: mujeres, \u00e1lbumes y patrimonios olvidados\u00bb, Sala Manuela Ballester. Facultat Ci\u00e8ncies Socials. Universitat de Val\u00e8ncia, Comisariado: Vicente, Teresa; Nieto, Alejandra; Calero, \u00c1ngela; Ruiz, Miquel [&hellip;]<\/p>\n","protected":false},"author":1,"featured_media":0,"parent":48885,"menu_order":0,"comment_status":"closed","ping_status":"closed","template":"","meta":{"site-sidebar-layout":"no-sidebar","site-content-layout":"page-builder","ast-site-content-layout":"default","site-content-style":"default","site-sidebar-style":"default","ast-global-header-display":"","ast-banner-title-visibility":"","ast-main-header-display":"","ast-hfb-above-header-display":"","ast-hfb-below-header-display":"","ast-hfb-mobile-header-display":"","site-post-title":"disabled","ast-breadcrumbs-content":"","ast-featured-img":"disabled","footer-sml-layout":"","ast-disable-related-posts":"","theme-transparent-header-meta":"enabled","adv-header-id-meta":"","stick-header-meta":"","header-above-stick-meta":"","header-main-stick-meta":"","header-below-stick-meta":"","astra-migrate-meta-layouts":"default","ast-page-background-enabled":"default","ast-page-background-meta":{"desktop":{"background-color":"var(--ast-global-color-4)","background-image":"","background-repeat":"repeat","background-position":"center center","background-size":"auto","background-attachment":"scroll","background-type":"","background-media":"","overlay-type":"","overlay-color":"","overlay-opacity":"","overlay-gradient":""},"tablet":{"background-color":"","background-image":"","background-repeat":"repeat","background-position":"center center","background-size":"auto","background-attachment":"scroll","background-type":"","background-media":"","overlay-type":"","overlay-color":"","overlay-opacity":"","overlay-gradient":""},"mobile":{"background-color":"","background-image":"","background-repeat":"repeat","background-position":"center center","background-size":"auto","background-attachment":"scroll","background-type":"","background-media":"","overlay-type":"","overlay-color":"","overlay-opacity":"","overlay-gradient":""}},"ast-content-background-meta":{"desktop":{"background-color":"var(--ast-global-color-5)","background-image":"","background-repeat":"repeat","background-position":"center center","background-size":"auto","background-attachment":"scroll","background-type":"","background-media":"","overlay-type":"","overlay-color":"","overlay-opacity":"","overlay-gradient":""},"tablet":{"background-color":"var(--ast-global-color-5)","background-image":"","background-repeat":"repeat","background-position":"center center","background-size":"auto","background-attachment":"scroll","background-type":"","background-media":"","overlay-type":"","overlay-color":"","overlay-opacity":"","overlay-gradient":""},"mobile":{"background-color":"var(--ast-global-color-5)","background-image":"","background-repeat":"repeat","background-position":"center center","background-size":"auto","background-attachment":"scroll","background-type":"","background-media":"","overlay-type":"","overlay-color":"","overlay-opacity":"","overlay-gradient":""}},"footnotes":""},"class_list":["post-49319","page","type-page","status-publish","hentry"],"_links":{"self":[{"href":"https:\/\/andana.uv.es\/val\/wp-json\/wp\/v2\/pages\/49319","targetHints":{"allow":["GET"]}}],"collection":[{"href":"https:\/\/andana.uv.es\/val\/wp-json\/wp\/v2\/pages"}],"about":[{"href":"https:\/\/andana.uv.es\/val\/wp-json\/wp\/v2\/types\/page"}],"author":[{"embeddable":true,"href":"https:\/\/andana.uv.es\/val\/wp-json\/wp\/v2\/users\/1"}],"replies":[{"embeddable":true,"href":"https:\/\/andana.uv.es\/val\/wp-json\/wp\/v2\/comments?post=49319"}],"version-history":[{"count":7,"href":"https:\/\/andana.uv.es\/val\/wp-json\/wp\/v2\/pages\/49319\/revisions"}],"predecessor-version":[{"id":49345,"href":"https:\/\/andana.uv.es\/val\/wp-json\/wp\/v2\/pages\/49319\/revisions\/49345"}],"up":[{"embeddable":true,"href":"https:\/\/andana.uv.es\/val\/wp-json\/wp\/v2\/pages\/48885"}],"wp:attachment":[{"href":"https:\/\/andana.uv.es\/val\/wp-json\/wp\/v2\/media?parent=49319"}],"curies":[{"name":"wp","href":"https:\/\/api.w.org\/{rel}","templated":true}]}}